{"id":1006,"date":"2022-06-09T08:00:46","date_gmt":"2022-06-09T07:00:46","guid":{"rendered":"https:\/\/www.siar.ch\/?page_id=1006"},"modified":"2025-08-05T20:14:46","modified_gmt":"2025-08-05T19:14:46","slug":"bibliographie","status":"publish","type":"page","link":"https:\/\/www.siar.ch\/?page_id=1006","title":{"rendered":"Pistes bibliographiques"},"content":{"rendered":"\n<p>Nous proposons ici quelques r\u00e9f\u00e9rences bibliographiques (g\u00e9n\u00e9ralement des publications papier et\/ou en ligne) pour vous orienter dans la <a href=\"https:\/\/www.siar.ch\/?page_id=604\" target=\"_blank\" rel=\"noopener\">connaissance des communes neuch\u00e2teloises<\/a> avec, dans la mesure du possible, des liens pour acc\u00e9der aux publications en ligne.<\/p>\n<h1>Encyclop\u00e9die, dictionnaire, revue g\u00e9n\u00e9ralistes<\/h1>\n<ul>\n<li><strong><a href=\"https:\/\/hls-dhs-dss.ch\/fr\/\" target=\"_blank\" rel=\"noopener\"><em>Dictionnaire historique de la Suisse<\/em><\/a> (DHS)<\/strong><br \/>G\u00e9n\u00e9ralement chaque commune suisse a son propre article, parfois aussi des lieux-dits. On trouvera aussi des articles sur des th\u00e9matiques suisses plus g\u00e9n\u00e9rales telles que le fonctionnement de la coop\u00e9ration intercommunale, les corporations, bourgeoisies et paroisses, les syst\u00e8mes \u00e9lectoraux, les fusions de communes, etc. ou sur des personnes et familles \u00abc\u00e9l\u00e8bres\u00bb. Chaque article est accompagn\u00e9 d&rsquo;une bibliographie (en fran\u00e7ais, allemand, &#8230;).<\/li>\n<li><strong><a href=\"https:\/\/www.wikipedia.org\/\" target=\"_blank\" rel=\"noopener\">Wikip\u00e9dia<\/a>, l&rsquo;encyclop\u00e9die libre<\/strong><br \/>Nous nous effor\u00e7ons de compl\u00e9ter les articles de Wikip\u00e9dia au fur et \u00e0 mesure des demandes de recherche qui nous parviennent (voir le <a href=\"https:\/\/fr.wikipedia.org\/wiki\/Projet:WikiNeocomensia\" target=\"_blank\" rel=\"noopener\">projet WikiNeocomensia<\/a>).<\/li>\n<li><strong><a href=\"http:\/\/doc.rero.ch\/search?c=NAVCOLLSPEC.NEUCHATEL_JURA.PRESSE_NEUCHATEL_JURA.REVUE_HISTORIQUE_NEUCHATELOISE&amp;ln=fr\" target=\"_blank\" rel=\"noopener\"><em>Mus\u00e9e neuch\u00e2telois<\/em> = <em>Revue historique neuch\u00e2teloise<\/em><\/a> (RHN)<\/strong><br \/>La <em>Revue historique neuch\u00e2teloise<\/em> (RHN) est n\u00e9e en 1864, sous le nom de <em>Mus\u00e9e neuch\u00e2telois: Recueil d&rsquo;histoire nationale et d&rsquo;arch\u00e9ologie<\/em>. La revue est publi\u00e9e par la Soci\u00e9t\u00e9 d&rsquo;histoire et d&rsquo;arch\u00e9ologie du Canton de Neuch\u00e2tel (SHAN). La RHN est consacr\u00e9e \u00e0 l&rsquo;histoire du pays de Neuch\u00e2tel et de la cha\u00eene jurassienne. Trois \u00e0 quatre num\u00e9ros par ann\u00e9e sont publi\u00e9s, pour un total d&rsquo;environ 200 \u00e0 250 pages illustr\u00e9es, contenant des articles et des comptes rendus bibliographiques r\u00e9dig\u00e9s surtout par des personnes de m\u00e9tier.<\/li>\n<\/ul>\n<h1>Sur les communes elles-m\u00eames (histoire, territoire, b\u00e2timents, etc.)<\/h1>\n<ul>\n<li class=\"csl-entry\"><strong>Quartier-La-Tente Edouard, <i>Le canton de Neuch\u00e2tel\u202f: revue historique et monographique des communes du canton de l\u2019origine \u00e0 nos jours (avec de nombreuses ill. originales, des reproductions d\u2019anciennes gravures et quelques cartes)<\/i><\/strong>, 6 vol., Neuch\u00e2tel, Attinger Fr\u00e8res, 1893-1925.<br \/>Ouvrage tr\u00e8s d\u00e9taill\u00e9 sur l&rsquo;ensemble des communes neuch\u00e2teloises, laiss\u00e9 inachev\u00e9 \u00e0 la mort de l&rsquo;auteur en 1925. Notons toutefois qu&rsquo;il s\u2019agit d\u2019une publication du tournant des 19e et 20e si\u00e8cles et que beaucoup d\u2019informations refl\u00e8tent les connaissances historiques de cette \u00e9poque dont plusieurs ont \u00e9t\u00e9 remises en cause depuis lors. L\u2019auteur s\u2019appuie en outre sur des correspondants locaux dont la fiabilit\u00e9 est tr\u00e8s variable. C\u2019est donc une source pr\u00e9cieuse, mais une source, et il faut la manier avec pr\u00e9caution et bien v\u00e9rifier les donn\u00e9es avant de les employer.<br \/>On y trouve pour chaque commune de l&rsquo;\u00e9poque les chapitres suivants: situation g\u00e9ographique et particularit\u00e9s, histoire de la commune, vie religieuse, vie scolaire, noms de famille, personnages marquants et dates de l&rsquo;histoire locale.<br \/>Pour acc\u00e9der aux chapitres num\u00e9ris\u00e9s des communes suivantes:<\/li>\n<\/ul>\n<ul>\n<li style=\"list-style-type: none;\">\n<ul style=\"list-style-type: circle;\">\n<li class=\"csl-entry\">\u00abCommune d\u2019Auvernier\u00bb, in: <i>Le district de Boudry<\/i>, vol. 1, pp. 309\u2011372. <a href=\"https:\/\/www.siar.ch\/wp-content\/uploads\/2022\/06\/QuartierLaTente_CantonNeuchatel-DistrictBoudry-Auvernier_1912_309-372.pdf\" target=\"_blank\" rel=\"noopener\">(lire le chapitre<\/a>)<\/li>\n<li class=\"csl-entry\">\u00abCommune de B\u00f4le\u00bb, in: <i>Le district de Boudry<\/i>, vol. 2, pp. 509\u2011567. (<a href=\"https:\/\/www.siar.ch\/wp-content\/uploads\/2022\/06\/QuartierLaTente_CantonNeuchatel-DistrictBoudry-Bole_1912_509-567.pdf\" target=\"_blank\" rel=\"noopener\">lire le chapitre<\/a>)<\/li>\n<li class=\"csl-entry\">\u00abCommune de Colombier\u00bb, in: <i>Le district de Boudry<\/i>, vol. 2, pp. 245\u2011308. (<a href=\"https:\/\/www.siar.ch\/wp-content\/uploads\/2022\/06\/QuartierLaTente_CantonNeuchatel-DistrictBoudry-Colombier_1912_245-308.pdf\" target=\"_blank\" rel=\"noopener\">lire le chapitre<\/a>)<\/li>\n<\/ul>\n<\/li>\n<\/ul>\n<ul>\n<li><strong>Courvoisier Jean, <i>Les monuments d\u2019art et d\u2019histoire du canton de Neuch\u00e2tel<\/i><\/strong>, 3 vol., B\u00e2le, Birkh\u00e4user, 1955 (Les monuments d\u2019art et d\u2019histoire de la Suisse).<br \/>En ligne: &lt;<a href=\"http:\/\/doc.rero.ch\/record\/17017\">http:\/\/doc.rero.ch\/record\/17017<\/a>&gt;.<br \/>Dans le domaine du patrimoine b\u00e2ti, les ouvrages de Jean Courvoisier demeurent tr\u00e8s solides.<br \/>Les Archives de l&rsquo;\u00c9tat conservent une \u00e9dition annot\u00e9e par Jean Courvoisier, avec ajouts et corrections (<a href=\"https:\/\/floraweb.ne.ch\/flora\/ark:\/37964\/001225304\" target=\"_blank\" rel=\"noopener\">acc\u00e8s \u00e0 l&rsquo;inventaire des AEN<\/a>).<\/li>\n<\/ul>\n<p>L\u2019Office du patrimoine du canton de Neuch\u00e2tel propose aussi des pistes pour documenter l\u2019histoire des b\u00e2timents (<a href=\"https:\/\/www.ne.ch\/autorites\/DESC\/SCNE\/patrimoine\/transformations\/Pages\/histoire-batiment.aspx\" target=\"_blank\" rel=\"noopener\">Comment conna\u00eetre l&rsquo;histoire d&rsquo;un \u00e9difice?<\/a>).<\/p>\n<p>Il existe par ailleurs de nombreuses monographies villageoises de qualit\u00e9 in\u00e9gale et plusieurs articles sur les communes et lieux-dits dans les anciens num\u00e9ros de <a href=\"http:\/\/doc.rero.ch\/search?c=NAVCOLLSPEC.NEUCHATEL_JURA.PRESSE_NEUCHATEL_JURA.REVUE_HISTORIQUE_NEUCHATELOISE&amp;ln=fr\" target=\"_blank\" rel=\"noopener\"><em>Mus\u00e9e neuch\u00e2telois<\/em><\/a>. Nous nous effor\u00e7ons de mentionner ces publications dans les r\u00e9f\u00e9rences des articles Wikip\u00e9dia correspondants.<\/p>\n<h1>Sur les personnes et familles \u00abc\u00e9l\u00e8bres\u00bb<\/h1>\n<ul>\n<li class=\"csl-entry\"><strong>Schlup Michel, <i>Biographies neuch\u00e2teloises<\/i><\/strong>, Hauterive, G. Attinger, 1996.<\/li>\n<\/ul>\n<p>Il existe de nombreuses biographies (n\u00e9crologies pour la plupart) dans la presse r\u00e9gionale, en particulier dans le <em>V\u00e9ritable Messager boiteux de Neuch\u00e2tel<\/em> (voir <a href=\"https:\/\/www.siar.ch\/?page_id=661\" target=\"_blank\" rel=\"noopener\">Recherche de personnes<\/a>).<\/p>\n<h1>Sur le fonctionnement des institutions (communaut\u00e9s, \u00e9coles, etc.)<\/h1>\n<ul>\n<li><strong>Favarger Dominique et Tribolet Maurice de, <em>Les sources du droit suisse, XXIe partie\u202f: Les sources du droit du canton de Neuch\u00e2tel, Tome 1\u202f: Les sources directes<\/em><\/strong>, vol. 1, Verlag Sauerl\u00e4nder Aarau, 1982 (Les sources du droit suisse). (PDF accessible en ligne)<\/li>\n<\/ul>\n<p>Ce tome 1 des sources du droit du canton de Neuch\u00e2tel a \u00e9t\u00e9 publi\u00e9 en 1982 par Maurice de Tribolet sur la base des travaux de Dominique Favarger (d\u00e9c\u00e9d\u00e9 en 1975). Il permet d&rsquo;avoir acc\u00e8s aux coutumiers neuch\u00e2telois, en particulier aux chartes de franchises existantes pour les diff\u00e9rentes communaut\u00e9s (r\u00e9sum\u00e9s et transcriptions de chaque pi\u00e8ce). (<a href=\"https:\/\/www.siar.ch\/?p=1197\">lire actualit\u00e9 du SIAr<\/a>)<\/p>\n<p>\u00c9dition num\u00e9rique (TEI\/XML) des sources du droit avec reproductions num\u00e9riques des pi\u00e8ces d&rsquo;archives : <a href=\"https:\/\/editio.sds-online.ch\/NE\/\" target=\"_blank\" rel=\"noopener\">https:\/\/editio.sds-online.ch\/NE\/<\/a><\/p>\n<ul>\n<li><strong>Jelmini Jean-Pierre, \u00abLa vie publique dans les communaut\u00e9s rurales de Neuch\u00e2tel au XVIIIe si\u00e8cle, \u00e9tablie d\u2019apr\u00e8s les documents de Dombresson et de Travers\u00bb<\/strong>, <i>Mus\u00e9e neuch\u00e2telois<\/i>, 1972, pp. 135\u2011174. (<a href=\"https:\/\/www.siar.ch\/wp-content\/uploads\/2022\/06\/Jelmini_Communautes_MN_1972_135-174.pdf\" target=\"_blank\" rel=\"noopener\">lire l&rsquo;article<\/a>)<\/li>\n<li><strong>Fardel, Ginette, <i>La commune de Gorgier en 1750. Quelques aspects de sa vie communautaire et de sa gestion<\/i><\/strong>, M\u00e9moire de Licence, Neuch\u00e2tel, Universit\u00e9 de Neuch\u00e2tel, 1986. (<a href=\"https:\/\/www.siar.ch\/wp-content\/uploads\/2022\/06\/Fardel-Ginette-1986-La-commune-de-Gorgier-en-1750.-Quelques-aspects-de.pdf\" target=\"_blank\" rel=\"noopener\">lire un extrait sur l&rsquo;organisation communale<\/a>)<\/li>\n<li><strong>Willemin Nicolas, \u00ab Il y a 150 ans, les communes commen\u00e7aient \u00e0 fusionner \u00bb<\/strong>, <em>ArcInfo<\/em>, 18.01.2024, pp. 1, 3. (lire l&rsquo;article (sur abonnement)) <br \/>Article tr\u00e8s fouill\u00e9 sur une th\u00e9matique peu document\u00e9e historiquement, surtout quand il s&rsquo;agit de petites communaut\u00e9s. (<a href=\"https:\/\/www.siar.ch\/?p=1161\" target=\"_blank\" rel=\"noopener\">lire actualit\u00e9 du SIAr<\/a>)<\/li>\n<li><strong>Montandon L\u00e9on et North Marcel, <i>Le r\u00e9gionalisme neuch\u00e2telois<\/i><\/strong>, Neuch\u00e2tel, Ed. de la Baconni\u00e8re, 1961 (Cahiers de l\u2019Institut neuch\u00e2telois).<br \/>Cette somme d&rsquo;articles in\u00e9gaux r\u00e9dig\u00e9s par diff\u00e9rents auteurs offre un historique avec les diff\u00e9rentes communaut\u00e9s et bourgeoisies (aussi les bourgeois forains) des diff\u00e9rentes r\u00e9gions du canton. On y parle notamment de la <strong>Ch\u00e2tellenie de Thielle<\/strong> (pp. 124-125), propri\u00e9taire d\u2019une grande partie de la for\u00eat de Chaumont, des <strong>corporations de Saint-Maurice et Saint-Martin<\/strong> (\u00e0 Cressier et au Landeron) et de la <strong>paroisse temporelle de Saint-Aubin<\/strong> comme institution supracommunale soumise au contr\u00f4le du D\u00e9partement de l\u2019int\u00e9rieur comme les autres communes (p. 171).<\/li>\n<li><strong>Henry Philippe, Tribolet-Hardy Maurice de et Bachmann Adrian (\u00e9d.), <i>Des chartes de franchises \u00e0 la nouvelle Constitution: une histoire des institutions neuch\u00e2teloises<\/i><\/strong>, Neuch\u00e2tel, <em>Revue historique neuch\u00e2teloise<\/em>, 2002.<br \/>En ligne: &lt;<a href=\"https:\/\/doc.rero.ch\/record\/12463\">https:\/\/doc.rero.ch\/record\/12463<\/a>&gt;<br \/>\n<ul style=\"list-style-type: circle;\">\n<li>Christ Thierry, \u00ab\u201cIl est juste que ceux qui paient puissent voir ce que l\u2019on fait de leur argent\u201d: le droit de vote des \u00e9trangers dans les d\u00e9bats politiques neuch\u00e2telois de la seconde moiti\u00e9 du XIXe si\u00e8cle\u00bb, <i>Revue historique neuch\u00e2teloise<\/i> 2002\u00a0(3\u20114), 2002, pp.\u00a0293\u2011307.<\/li>\n<\/ul>\n<\/li>\n<li><strong>Bolle Arnold, <em>Vie civique et politique<\/em><\/strong>, Neuch\u00e2tel, Comit\u00e9 directeur du centenaire de la R\u00e9publique neuch\u00e2teloise, 1948.<\/li>\n<li><strong>B\u00e9guin F\u00e9lix, <i>Vie scolaire<\/i><\/strong>, Neuch\u00e2tel, Comit\u00e9 directeur du centenaire de la R\u00e9publique neuch\u00e2teloise, 1948.<\/li>\n<li><strong>Colloque L\u2019\u00e9cole neuch\u00e2teloise au XIXe si\u00e8cle<\/strong>, <i>[L\u2019\u00e9cole neuch\u00e2teloise au XIXe si\u00e8cle]\u202f: [colloque organis\u00e9 par la Soci\u00e9t\u00e9 d\u2019histoire et d\u2019arch\u00e9ologie du canton de Neuch\u00e2tel]<\/i>, Neuch\u00e2tel, Soci\u00e9t\u00e9 d\u2019histoire et d\u2019arch\u00e9ologie du canton de Neuch\u00e2tel, 1994. (<a href=\"https:\/\/www.siar.ch\/wp-content\/uploads\/2022\/06\/MuseeNeuchatelois-3_1994.pdf\" target=\"_blank\" rel=\"noopener\">lire le num\u00e9ro<\/a>)<br \/>\n<ul style=\"list-style-type: circle;\">\n<li><strong>Caspard Pierre, \u00abPourquoi l\u2019Etat s\u2019est-il int\u00e9ress\u00e9 \u00e0 l\u2019\u00e9ducation? (1750-1830)\u00bb<\/strong>, <i>Mus\u00e9e neuch\u00e2telois<\/i> 3, 1994, pp. 93\u2011105.<\/li>\n<\/ul>\n<\/li>\n<li><strong>Schwitzgu\u00e9bel-Leroy Antoinette, \u00abLe syst\u00e8me scolaire neuch\u00e2telois vers la fin de l\u2019Ancien R\u00e9gime\u00bb<\/strong>, in: <i>Histoire de l\u2019Universit\u00e9 de Neuch\u00e2tel: La premi\u00e8re Acad\u00e9mie, 1838-1848<\/i>, Neuch\u00e2tel, Universit\u00e9 de Neuch\u00e2tel, 1988, pp. 7\u201144.<\/li>\n<li><strong>Jeanneret Anne-Fran\u00e7oise, \u00abPanorama de l\u2019\u00e9cole neuch\u00e2teloise au XIXe si\u00e8cle\u00bb<\/strong>, in: <i>Histoire de l\u2019Universit\u00e9 de Neuch\u00e2tel: La seconde Acad\u00e9mie, 1866-1909<\/i>, vol.\u00a02, Neuch\u00e2tel, Universit\u00e9 de Neuch\u00e2tel, 1994, pp.\u00a07\u201120.<\/li>\n<li><strong>Allanfranchini Patrice, <em>Institutrices, instituteurs de la ville et du canton de Neuch\u00e2tel<\/em><\/strong>, Bienne, HEP-BEJUNE, 2018.<\/li>\n<li><strong>Caspard Pierre, <em>La famille, l\u2019\u00e9cole, l\u2019\u00c9tat: un mod\u00e8le helv\u00e9tique, XVIIe-XIXe si\u00e8cles<\/em><\/strong>, Wien, Peter Lang, 2021.<\/li>\n<\/ul>\n","protected":false},"excerpt":{"rendered":"<p>Nous proposons ici quelques r\u00e9f\u00e9rences bibliographiques (g\u00e9n\u00e9ralement des publications papier et\/ou en ligne) pour vous orienter dans la connaissance des communes neuch\u00e2teloises avec, dans la mesure du possible, des liens pour acc\u00e9der aux publications en ligne. Encyclop\u00e9die, dictionnaire, revue g\u00e9n\u00e9ralistes Dictionnaire historique de la Suisse (DHS)G\u00e9n\u00e9ralement chaque commune suisse a son propre article, parfois aussi [&hellip;]<\/p>\n","protected":false},"author":7,"featured_media":0,"parent":266,"menu_order":0,"comment_status":"closed","ping_status":"closed","template":"","meta":{"footnotes":""},"class_list":["post-1006","page","type-page","status-publish","hentry"],"jetpack_sharing_enabled":true,"jetpack_shortlink":"https:\/\/wp.me\/PfBqfE-ge","_links":{"self":[{"href":"https:\/\/www.siar.ch\/index.php?rest_route=\/wp\/v2\/pages\/1006","targetHints":{"allow":["GET"]}}],"collection":[{"href":"https:\/\/www.siar.ch\/index.php?rest_route=\/wp\/v2\/pages"}],"about":[{"href":"https:\/\/www.siar.ch\/index.php?rest_route=\/wp\/v2\/types\/page"}],"author":[{"embeddable":true,"href":"https:\/\/www.siar.ch\/index.php?rest_route=\/wp\/v2\/users\/7"}],"replies":[{"embeddable":true,"href":"https:\/\/www.siar.ch\/index.php?rest_route=%2Fwp%2Fv2%2Fcomments&post=1006"}],"version-history":[{"count":37,"href":"https:\/\/www.siar.ch\/index.php?rest_route=\/wp\/v2\/pages\/1006\/revisions"}],"predecessor-version":[{"id":1408,"href":"https:\/\/www.siar.ch\/index.php?rest_route=\/wp\/v2\/pages\/1006\/revisions\/1408"}],"up":[{"embeddable":true,"href":"https:\/\/www.siar.ch\/index.php?rest_route=\/wp\/v2\/pages\/266"}],"wp:attachment":[{"href":"https:\/\/www.siar.ch\/index.php?rest_route=%2Fwp%2Fv2%2Fmedia&parent=1006"}],"curies":[{"name":"wp","href":"https:\/\/api.w.org\/{rel}","templated":true}]}}