{"id":160,"date":"2014-05-08T10:08:13","date_gmt":"2014-05-08T10:08:13","guid":{"rendered":"http:\/\/www.siar.ch\/?page_id=160"},"modified":"2021-06-21T13:29:49","modified_gmt":"2021-06-21T12:29:49","slug":"equipe","status":"publish","type":"page","link":"https:\/\/www.siar.ch\/?page_id=160","title":{"rendered":"\u00c9quipe"},"content":{"rendered":"<p>L\u2019\u00e9quipe du SIAr est compos\u00e9e d&rsquo;une dizaine de professionnel\u00b7les aux profils compl\u00e9mentaires :<\/p>\n<ul>\n<li><strong>archivistes scientifiques<\/strong> (Bachelor ou Master) et <strong>agent\u00b7es en information documentaire<\/strong> (CFC) pour le traitement des archives,<\/li>\n<li><strong>conseiller\u00b7\u00e8res en gestion documentaire<\/strong> (Master) pour l&rsquo;analyse et la conception de syst\u00e8mes documentaires,<\/li>\n<li><strong>archivistes informaticien\u00b7nes<\/strong> pour la mise en \u0153uvre et la maintenance d&rsquo;outils et d&rsquo;infrastructures d&rsquo;archivage, ainsi que la migration informatique de donn\u00e9es.<\/li>\n<\/ul>\n<p>Cette \u00e9quipe est employ\u00e9e par l&rsquo;entreprise <a href=\"https:\/\/www.docuteam.ch\/fr\/equipe\/\" target=\"_blank\" rel=\"noopener noreferrer\">docuteam<\/a>. Elle travaille en \u00e9troite collaboration avec le personnel des communes membres, de l&rsquo;Office des archives de l&rsquo;\u00c9tat de Neuch\u00e2tel (OAEN) et du Service informatique de l&rsquo;entit\u00e9 neuch\u00e2teloise (SIEN).<\/p>\n<p>Le SIAr accueille volontiers aussi des stagiaires (apprentissage, HES, Universit\u00e9) ou des personnes en mesure d&rsquo;int\u00e9gration professionnelle. Les demandes peuvent simplement \u00eatre adress\u00e9es au SIAr (voir <a title=\"Contact\" href=\"https:\/\/www.siar.ch\/?page_id=34\" target=\"_blank\" rel=\"noopener noreferrer\">Contact<\/a>).<\/p>\n<p>Le SIAr ne proc\u00e8de par contre \u00e0 aucun engagement. Les postulations spontan\u00e9es doivent \u00eatre adress\u00e9es \u00e0 l&rsquo;entreprise <a href=\"http:\/\/www.docuteam.ch\/fr\/\" target=\"_blank\" rel=\"noopener noreferrer\">docuteam<\/a> directement.<\/p>\n","protected":false},"excerpt":{"rendered":"<p>L\u2019\u00e9quipe du SIAr est compos\u00e9e d&rsquo;une dizaine de professionnel\u00b7les aux profils compl\u00e9mentaires : archivistes scientifiques (Bachelor ou Master) et agent\u00b7es en information documentaire (CFC) pour le traitement des archives, conseiller\u00b7\u00e8res en gestion documentaire (Master) pour l&rsquo;analyse et la conception de syst\u00e8mes documentaires, archivistes informaticien\u00b7nes pour la mise en \u0153uvre et la maintenance d&rsquo;outils et d&rsquo;infrastructures [&hellip;]<\/p>\n","protected":false},"author":2,"featured_media":0,"parent":5,"menu_order":0,"comment_status":"closed","ping_status":"closed","template":"","meta":{"footnotes":""},"class_list":["post-160","page","type-page","status-publish","hentry"],"jetpack_sharing_enabled":true,"jetpack_shortlink":"https:\/\/wp.me\/PfBqfE-2A","_links":{"self":[{"href":"https:\/\/www.siar.ch\/index.php?rest_route=\/wp\/v2\/pages\/160","targetHints":{"allow":["GET"]}}],"collection":[{"href":"https:\/\/www.siar.ch\/index.php?rest_route=\/wp\/v2\/pages"}],"about":[{"href":"https:\/\/www.siar.ch\/index.php?rest_route=\/wp\/v2\/types\/page"}],"author":[{"embeddable":true,"href":"https:\/\/www.siar.ch\/index.php?rest_route=\/wp\/v2\/users\/2"}],"replies":[{"embeddable":true,"href":"https:\/\/www.siar.ch\/index.php?rest_route=%2Fwp%2Fv2%2Fcomments&post=160"}],"version-history":[{"count":14,"href":"https:\/\/www.siar.ch\/index.php?rest_route=\/wp\/v2\/pages\/160\/revisions"}],"predecessor-version":[{"id":935,"href":"https:\/\/www.siar.ch\/index.php?rest_route=\/wp\/v2\/pages\/160\/revisions\/935"}],"up":[{"embeddable":true,"href":"https:\/\/www.siar.ch\/index.php?rest_route=\/wp\/v2\/pages\/5"}],"wp:attachment":[{"href":"https:\/\/www.siar.ch\/index.php?rest_route=%2Fwp%2Fv2%2Fmedia&parent=160"}],"curies":[{"name":"wp","href":"https:\/\/api.w.org\/{rel}","templated":true}]}}