{"id":250,"date":"2014-08-19T10:02:29","date_gmt":"2014-08-19T09:02:29","guid":{"rendered":"http:\/\/www.siar.ch\/?page_id=250"},"modified":"2019-07-25T15:38:53","modified_gmt":"2019-07-25T14:38:53","slug":"paroisse","status":"publish","type":"page","link":"https:\/\/www.siar.ch\/?page_id=250","title":{"rendered":"Paroisse"},"content":{"rendered":"<p>Apr\u00e8s la loi eccl\u00e9siastique de 1848, une nouvelle loi est r\u00e9dig\u00e9e par le conseiller d&rsquo;\u00c9tat <a href=\"http:\/\/fr.wikipedia.org\/wiki\/Numa_Droz\" target=\"_blank\" rel=\"noopener noreferrer\">Numa Droz<\/a> et accept\u00e9e en votation populaire en 1873: elle porte sur les rapports entre l&rsquo;\u00c9glise et l&rsquo;\u00c9tat dans le canton de Neuch\u00e2tel. Cette loi met en place \u00e0 la fois un \u00c9tat la\u00efque et une \u00c9glise contr\u00f4l\u00e9e par ce dernier. Elle entra\u00eene une scission au sein de l&rsquo;\u00c9glise r\u00e9form\u00e9e neuch\u00e2teloise (dite alors \u00ab\u00a0Nationale\u00a0\u00bb) et la cr\u00e9ation de l&rsquo;\u00c9glise ind\u00e9pendante [ref]. Elles fusionneront \u00e0 nouveau en 1943 au sein de l&rsquo;\u00c9glise r\u00e9form\u00e9e \u00e9vang\u00e9lique du canton de Neuch\u00e2tel (<a href=\"\u00c9glise r\u00e9form\u00e9e \u00e9vang\u00e9lique du canton de Neuch\u00e2tel\" target=\"_blank\" rel=\"noopener noreferrer\">EREN<\/a>).[\/ref].<\/p>\n<p>Depuis lors on doit distinguer deux autorit\u00e9s distinctes dans le domaine du culte protestant :<\/p>\n<ul>\n<li>La Paroisse (religieuse);<\/li>\n<li>le Conseil de Paroisse (civil) constitu\u00e9 d&rsquo;une ou de plusieurs communes.<\/li>\n<\/ul>\n<p>Un r\u00e8glement (<em>R\u00e8glement sur les rapports des autorit\u00e9s locales avec les cultes<\/em>) est \u00e9tabli par le Conseil d&rsquo;\u00c9tat le 23 avril 1875 et fixe les pr\u00e9rogatives de chacun : \u00ab\u00a0les autorit\u00e9s locales sont charg\u00e9es de pourvoir aux besoins des diff\u00e9rents cultes\u00a0\u00bb (art.1er); il traite \u00e9galement des \u00e9difices (art.2), des cloches (art.3), des orgues (art.4), de la r\u00e9tribution de l&rsquo;organiste, etc. (art.5), des menus frais (art.6), des cures pour le \u00ab\u00a0pasteur national\u00a0\u00bb (art.7), des locaux d&rsquo;enseignement religieux, etc. ; [ref]Lettre du 14 juin 1971 de Jean Courvoisier (archiviste de l&rsquo;\u00c9tat adjoint) \u00e0 Claude Schaerer, pasteur de Dombresson (Archives de la Commune de Val-de-Ruz, v.2014.2968) [\/ref]. La composition du Conseil de Paroisse fait l&rsquo;objet du chapitre II du r\u00e8glement. Aucune d\u00e9l\u00e9gation au sein du Conseil n&rsquo;est pr\u00e9vue pour l&rsquo;autorit\u00e9 eccl\u00e9siastique. Seules les communes y disposent de repr\u00e9sentants.<\/p>\n<p>Un nouvel arr\u00eat\u00e9 du Conseil d&rsquo;\u00c9tat vient pr\u00e9ciser les choses en 1943 (<em>Arr\u00eat\u00e9<\/em><br \/>\n<em> fixant les prestations des communes en faveur de l&rsquo;\u00c9glise r\u00e9form\u00e9e \u00e9vang\u00e9lique, des paroisses catholiques romaines et de la paroisse catholique chr\u00e9tienne<\/em>, 19 novembre 1943).<\/p>\n<p>Il semble que l&rsquo;existence de Conseils de Paroisse intercommunaux ait incit\u00e9 certaines communes \u00e0 d\u00e9l\u00e9guer certaines comp\u00e9tences suppl\u00e9mentaires comme l&rsquo;engagement d&rsquo;un m\u00e9decin r\u00e9f\u00e9rent pour les communes concern\u00e9es[ref]\u00a0\u00bbConseil de Paroisse de Dombresson, Villiers, Le P\u00e2quier\u00a0\u00bb, Archives de la commune de Val-de-Ruz, v.2014.2968.[\/ref].<\/p>\n<p>&nbsp;<\/p>\n","protected":false},"excerpt":{"rendered":"<p>Apr\u00e8s la loi eccl\u00e9siastique de 1848, une nouvelle loi est r\u00e9dig\u00e9e par le conseiller d&rsquo;\u00c9tat Numa Droz et accept\u00e9e en votation populaire en 1873: elle porte sur les rapports entre l&rsquo;\u00c9glise et l&rsquo;\u00c9tat dans le canton de Neuch\u00e2tel. Cette loi met en place \u00e0 la fois un \u00c9tat la\u00efque et une \u00c9glise contr\u00f4l\u00e9e par ce [&hellip;]<\/p>\n","protected":false},"author":2,"featured_media":0,"parent":266,"menu_order":0,"comment_status":"closed","ping_status":"closed","template":"","meta":{"footnotes":""},"class_list":["post-250","page","type-page","status-publish","hentry"],"jetpack_sharing_enabled":true,"jetpack_shortlink":"https:\/\/wp.me\/PfBqfE-42","_links":{"self":[{"href":"https:\/\/www.siar.ch\/index.php?rest_route=\/wp\/v2\/pages\/250","targetHints":{"allow":["GET"]}}],"collection":[{"href":"https:\/\/www.siar.ch\/index.php?rest_route=\/wp\/v2\/pages"}],"about":[{"href":"https:\/\/www.siar.ch\/index.php?rest_route=\/wp\/v2\/types\/page"}],"author":[{"embeddable":true,"href":"https:\/\/www.siar.ch\/index.php?rest_route=\/wp\/v2\/users\/2"}],"replies":[{"embeddable":true,"href":"https:\/\/www.siar.ch\/index.php?rest_route=%2Fwp%2Fv2%2Fcomments&post=250"}],"version-history":[{"count":14,"href":"https:\/\/www.siar.ch\/index.php?rest_route=\/wp\/v2\/pages\/250\/revisions"}],"predecessor-version":[{"id":751,"href":"https:\/\/www.siar.ch\/index.php?rest_route=\/wp\/v2\/pages\/250\/revisions\/751"}],"up":[{"embeddable":true,"href":"https:\/\/www.siar.ch\/index.php?rest_route=\/wp\/v2\/pages\/266"}],"wp:attachment":[{"href":"https:\/\/www.siar.ch\/index.php?rest_route=%2Fwp%2Fv2%2Fmedia&parent=250"}],"curies":[{"name":"wp","href":"https:\/\/api.w.org\/{rel}","templated":true}]}}