{"id":266,"date":"2014-08-19T10:03:43","date_gmt":"2014-08-19T10:03:43","guid":{"rendered":"http:\/\/www.siar.ch\/?page_id=266"},"modified":"2025-07-03T14:05:53","modified_gmt":"2025-07-03T13:05:53","slug":"histoire-administrative","status":"publish","type":"page","link":"https:\/\/www.siar.ch\/?page_id=266","title":{"rendered":"Guides de recherches"},"content":{"rendered":"\n<p>On trouvera ici quelques notes visant \u00e0 aider \u00e0 la compr\u00e9hension des dossiers trouv\u00e9s dans les archives communales neuch\u00e2teloises et \u00e0 orienter les recherches dans celles-ci.<\/p>\n\n\n\n<p>Les guides th\u00e9matiques :<\/p>\n\n\n\n<ul class=\"wp-block-list\">\n<li>Rechercher des <a href=\"https:\/\/www.siar.ch\/?page_id=661\"><strong>personnes<\/strong> ayant habit\u00e9 ou originaires d&rsquo;une commune<\/a><\/li>\n\n\n\n<li>Rechercher des <a href=\"https:\/\/www.siar.ch\/?page_id=673\"><strong>b\u00e2timents, monuments et autres sites<\/strong> sur territoire communal<\/a><\/li>\n\n\n\n<li><a href=\"https:\/\/www.siar.ch\/?page_id=604\">Comprendre le fonctionnement des <strong>institutions communales<\/strong><\/a>, en particulier les anciennes communaut\u00e9s et les groupements intercommunaux (distribution de l\u2019eau potable, \u00e9puration des eaux us\u00e9es, traitement des d\u00e9chets, service du feu, \u00e9coles, &#8230;)<\/li>\n\n\n\n<li><a title=\"Paroisse\" href=\"https:\/\/www.siar.ch\/?page_id=250\">Paroisses<\/a><\/li>\n<\/ul>\n\n\n\n<p>Les guides sp\u00e9cifiques par commune :<\/p>\n\n\n\n<ul class=\"wp-block-list\">\n<li><a href=\"https:\/\/www.siar.ch\/?page_id=500\" target=\"_blank\" rel=\"noopener noreferrer\">Organisation des archives de la Commune de <strong>Val-de-Ruz<\/strong><\/a><\/li>\n<\/ul>\n\n\n\n<p>Nous vous proposons \u00e9galement une <a href=\"https:\/\/www.siar.ch\/?page_id=1006\" data-type=\"page\" data-id=\"1006\">bibliographie<\/a> couvrant ces diff\u00e9rents aspects. Certains de ces ouvrages sont riches en documents d&rsquo;archives publi\u00e9s.<\/p>\n\n\n\n<p>Ces notes ne visent pas l&rsquo;exhaustivit\u00e9. Elles servent plut\u00f4t de rep\u00e8res et seront mises \u00e0 jour au fur et \u00e0 mesure de l&rsquo;avanc\u00e9e de nos travaux.<\/p>\n","protected":false},"excerpt":{"rendered":"<p>On trouvera ici quelques notes visant \u00e0 aider \u00e0 la compr\u00e9hension des dossiers trouv\u00e9s dans les archives communales neuch\u00e2teloises et \u00e0 orienter les recherches dans celles-ci. Les guides th\u00e9matiques : Les guides sp\u00e9cifiques par commune : Nous vous proposons \u00e9galement une bibliographie couvrant ces diff\u00e9rents aspects. Certains de ces ouvrages sont riches en documents d&rsquo;archives [&hellip;]<\/p>\n","protected":false},"author":2,"featured_media":0,"parent":78,"menu_order":2,"comment_status":"closed","ping_status":"closed","template":"","meta":{"footnotes":""},"class_list":["post-266","page","type-page","status-publish","hentry"],"jetpack_sharing_enabled":true,"jetpack_shortlink":"https:\/\/wp.me\/PfBqfE-4i","_links":{"self":[{"href":"https:\/\/www.siar.ch\/index.php?rest_route=\/wp\/v2\/pages\/266","targetHints":{"allow":["GET"]}}],"collection":[{"href":"https:\/\/www.siar.ch\/index.php?rest_route=\/wp\/v2\/pages"}],"about":[{"href":"https:\/\/www.siar.ch\/index.php?rest_route=\/wp\/v2\/types\/page"}],"author":[{"embeddable":true,"href":"https:\/\/www.siar.ch\/index.php?rest_route=\/wp\/v2\/users\/2"}],"replies":[{"embeddable":true,"href":"https:\/\/www.siar.ch\/index.php?rest_route=%2Fwp%2Fv2%2Fcomments&post=266"}],"version-history":[{"count":16,"href":"https:\/\/www.siar.ch\/index.php?rest_route=\/wp\/v2\/pages\/266\/revisions"}],"predecessor-version":[{"id":1374,"href":"https:\/\/www.siar.ch\/index.php?rest_route=\/wp\/v2\/pages\/266\/revisions\/1374"}],"up":[{"embeddable":true,"href":"https:\/\/www.siar.ch\/index.php?rest_route=\/wp\/v2\/pages\/78"}],"wp:attachment":[{"href":"https:\/\/www.siar.ch\/index.php?rest_route=%2Fwp%2Fv2%2Fmedia&parent=266"}],"curies":[{"name":"wp","href":"https:\/\/api.w.org\/{rel}","templated":true}]}}