{"id":429,"date":"2017-01-05T10:43:47","date_gmt":"2017-01-05T10:43:47","guid":{"rendered":"http:\/\/www.siar.ch\/?page_id=429"},"modified":"2023-03-15T16:27:49","modified_gmt":"2023-03-15T15:27:49","slug":"instruments-de-recherche","status":"publish","type":"page","link":"https:\/\/www.siar.ch\/?page_id=429","title":{"rendered":"Instruments de recherche"},"content":{"rendered":"<p>Les communes sont tenues de fournir au public des instruments de recherche sur l&rsquo;organisation de leurs dossiers.<\/p>\n<p>Pour y donner acc\u00e8s, les communes mettent \u00e0 disposition du public des inventaires pr\u00e9cis de ces archives dont la consultation peut se faire soit dans les bureaux de l&rsquo;administration communale concern\u00e9e, soit,\u00a0pour certains inventaires, directement en ligne.<\/p>\n<p>La <strong>consultation des dossiers en eux-m\u00eames<\/strong> se fait selon des <a href=\"https:\/\/www.siar.ch\/?page_id=439\">modalit\u00e9s de consultation<\/a> d\u00e9finies dans la proc\u00e9dure ad-hoc.<\/p>\n<h2>Inventaires publics en ligne<\/h2>\n<p>La SIAr a inaugur\u00e9 le 9 juin 2017, journ\u00e9e suisse et internationale des archives, la publication en ligne des inventaires d&rsquo;archives communales dont il s&rsquo;occupe (<a href=\"https:\/\/www.siar.ch\/?p=458\" target=\"_blank\" rel=\"noopener noreferrer\">lire l&rsquo;annonce<\/a>).<\/p>\n<p>Voici les liens vers les inventaires accessibles publiquement en ligne :<\/p>\n<ul>\n<li><a href=\"https:\/\/cornaux.docuteam.cloud\" target=\"_blank\" rel=\"noopener noreferrer\">Archives de la Commune de Cornaux<\/a><\/li>\n<li><a href=\"https:\/\/webgate.docuteam.cloud\/fr\/stores\/12-archives-et-documents-de-la-commune-de-cortaillod\/units\/1-archives-de-la-commune-de-cortaillod-isil-ch-001675-6-1721-2016\" target=\"_blank\" rel=\"noopener\">Archives de la Commune de Cortaillod<\/a><\/li>\n<li><a href=\"https:\/\/webgate.docuteam.cloud\/fr\/stores\/11-archives-de-la-commune-de-cressier\/units\/1-archives-de-la-commune-de-cressier-ne-1395-2018\" target=\"_blank\" rel=\"noopener\">Archives de la Commune de Cressier<\/a><\/li>\n<li><a href=\"https:\/\/webgate.docuteam.cloud\/fr\/stores\/115-archives-de-la-commune-d-enges\" target=\"_blank\" rel=\"noopener\">Archives de la Commune d&rsquo;Enges<\/a><\/li>\n<li><a href=\"https:\/\/webgate.docuteam.cloud\/fr\/stores\/200-archives-de-la-commune-de-la-grande-beroche\" target=\"_blank\" rel=\"noopener\">Archives de la Commune de La Grande B\u00e9roche<\/a> (comprend les archives de Bevaix, Fresens, Gorgier-Chez-le-Bart, Montalchez, Saint-Aubin-Sauges et Vaumarcus-Vern\u00e9az)<\/li>\n<li>Archives de la Ville du Locle (comprend les archives des Brenets) &#8211; \u00e0 venir<\/li>\n<li><a href=\"https:\/\/milvignes.docuteam.cloud\" target=\"_blank\" rel=\"noopener noreferrer\">Archives de la Commune de Milvignes<\/a> (comprend les archives d&rsquo;Auvernier, B\u00f4le et Colombier)<\/li>\n<li><a href=\"https:\/\/webgate.docuteam.cloud\/fr\/stores\/118-archives-et-documents-de-la-commune-de-rochefort-nouvelle-commune\/units\/1-archives-communales-de-rochefort-nouvelle-commune-1356-2017\" target=\"_blank\" rel=\"noopener\">Archives de la Commune de Rochefort<\/a><\/li>\n<li>Archives de La T\u00e8ne (comprend les archives de Marin-Epagnier et Thielle-Wavre) &#8211; \u00e0 venir<\/li>\n<li><a href=\"https:\/\/val-de-ruz.docuteam.cloud\" target=\"_blank\" rel=\"noopener noreferrer\">Inventaires des archives de la Commune de Val-de-Ruz<\/a><\/li>\n<\/ul>\n<p>D&rsquo;autres inventaires seront progressivement publi\u00e9s.<\/p>\n<h2>Documents num\u00e9riques en ligne<\/h2>\n<p>Depuis 2020, certains documents num\u00e9riques des communes sont disponibles en ligne depuis les inventaires d&rsquo;archives.<\/p>\n<p>Nous ajouterons des objets num\u00e9riques au fur et \u00e0 mesure des travaux d\u2019archivage.<\/p>\n\n\n<figure class=\"wp-block-image size-large\"><img decoding=\"async\" src=\"https:\/\/upload.wikimedia.org\/wikipedia\/commons\/9\/9c\/Archivage_SIAr-852_2020_Archivage_%C3%A9lectronique_photos_anciennes_num%C3%A9ris%C3%A9es_%28docuteam_cosmos%29.png\" alt=\"\"\/><\/figure>\n","protected":false},"excerpt":{"rendered":"<p>Les communes sont tenues de fournir au public des instruments de recherche sur l&rsquo;organisation de leurs dossiers. Pour y donner acc\u00e8s, les communes mettent \u00e0 disposition du public des inventaires pr\u00e9cis de ces archives dont la consultation peut se faire soit dans les bureaux de l&rsquo;administration communale concern\u00e9e, soit,\u00a0pour certains inventaires, directement en ligne. La [&hellip;]<\/p>\n","protected":false},"author":2,"featured_media":0,"parent":78,"menu_order":1,"comment_status":"closed","ping_status":"closed","template":"","meta":{"footnotes":""},"class_list":["post-429","page","type-page","status-publish","hentry"],"jetpack_sharing_enabled":true,"jetpack_shortlink":"https:\/\/wp.me\/PfBqfE-6V","_links":{"self":[{"href":"https:\/\/www.siar.ch\/index.php?rest_route=\/wp\/v2\/pages\/429","targetHints":{"allow":["GET"]}}],"collection":[{"href":"https:\/\/www.siar.ch\/index.php?rest_route=\/wp\/v2\/pages"}],"about":[{"href":"https:\/\/www.siar.ch\/index.php?rest_route=\/wp\/v2\/types\/page"}],"author":[{"embeddable":true,"href":"https:\/\/www.siar.ch\/index.php?rest_route=\/wp\/v2\/users\/2"}],"replies":[{"embeddable":true,"href":"https:\/\/www.siar.ch\/index.php?rest_route=%2Fwp%2Fv2%2Fcomments&post=429"}],"version-history":[{"count":25,"href":"https:\/\/www.siar.ch\/index.php?rest_route=\/wp\/v2\/pages\/429\/revisions"}],"predecessor-version":[{"id":1115,"href":"https:\/\/www.siar.ch\/index.php?rest_route=\/wp\/v2\/pages\/429\/revisions\/1115"}],"up":[{"embeddable":true,"href":"https:\/\/www.siar.ch\/index.php?rest_route=\/wp\/v2\/pages\/78"}],"wp:attachment":[{"href":"https:\/\/www.siar.ch\/index.php?rest_route=%2Fwp%2Fv2%2Fmedia&parent=429"}],"curies":[{"name":"wp","href":"https:\/\/api.w.org\/{rel}","templated":true}]}}