{"id":500,"date":"2017-06-20T09:37:34","date_gmt":"2017-06-20T09:37:34","guid":{"rendered":"http:\/\/www.siar.ch\/?page_id=500"},"modified":"2020-04-27T15:03:17","modified_gmt":"2020-04-27T14:03:17","slug":"archives-de-la-commune-de-val-de-ruz-guide-de-recherche","status":"publish","type":"page","link":"https:\/\/www.siar.ch\/?page_id=500","title":{"rendered":"Archives de la Commune de Val-de-Ruz (guide de recherche)"},"content":{"rendered":"<p>Les inventaires en ligne de la commune de Val-de-Ruz sont accessibles sur le portail <a href=\"https:\/\/val-de-ruz.docuteam.ch\/fr\/\" target=\"_blank\" rel=\"noopener noreferrer\">docuteam webgate<\/a>. Tous les inventaires des anciennes communes n&rsquo;ont pas encore \u00e9t\u00e9 rendus publics, nous nous effor\u00e7ons de le faire au fur et \u00e0 mesure des travaux d&rsquo;archivage.<\/p>\n<p>En 2017, voil\u00e0 quels sont les inventaires des anciennes communes qui ont \u00e9t\u00e9 publi\u00e9s :<\/p>\n<table>\n<tbody>\n<tr>\n<td><strong>Anciennes communes<\/strong><\/td>\n<td><strong>Cote<\/strong><\/td>\n<td><strong>Niveau<\/strong><\/td>\n<td><strong>Publi\u00e9<\/strong><\/td>\n<\/tr>\n<tr>\n<td>Boudevilliers<\/td>\n<td>B.01<\/td>\n<td>Section<\/td>\n<td>oui<\/td>\n<\/tr>\n<tr>\n<td>Cernier<\/td>\n<td>B.05<\/td>\n<td>Section<\/td>\n<td>non<\/td>\n<\/tr>\n<tr>\n<td>Ch\u00e9zard-Saint-Martin<\/td>\n<td>B.07<\/td>\n<td>Section<\/td>\n<td>oui<\/td>\n<\/tr>\n<tr>\n<td>Coffrane<\/td>\n<td>B.06<\/td>\n<td>Section<\/td>\n<td>non<\/td>\n<\/tr>\n<tr>\n<td>Dombresson<\/td>\n<td>B.02<\/td>\n<td>Section<\/td>\n<td>non<\/td>\n<\/tr>\n<tr>\n<td>Engollon<\/td>\n<td>B.04<\/td>\n<td>Section<\/td>\n<td>oui<\/td>\n<\/tr>\n<tr>\n<td>Fenin-Vilars-Saules<\/td>\n<td>B.15<\/td>\n<td>Section<\/td>\n<td>non<\/td>\n<\/tr>\n<tr>\n<td>Fontainemelon<\/td>\n<td>B.09<\/td>\n<td>Section<\/td>\n<td>oui<\/td>\n<\/tr>\n<tr>\n<td>Fontaines<\/td>\n<td>B.08<\/td>\n<td>Section<\/td>\n<td>non<\/td>\n<\/tr>\n<tr>\n<td>Les Geneveys-sur-Coffrane<\/td>\n<td>B.10<\/td>\n<td>Section<\/td>\n<td>oui<\/td>\n<\/tr>\n<tr>\n<td>Les Hauts-Geneveys<\/td>\n<td>B.12<\/td>\n<td>Section<\/td>\n<td>non<\/td>\n<\/tr>\n<tr>\n<td>Le P\u00e2quier<\/td>\n<td>B.14<\/td>\n<td>Section<\/td>\n<td>non<\/td>\n<\/tr>\n<tr>\n<td>Montmollin<\/td>\n<td>B.03<\/td>\n<td>Section<\/td>\n<td>oui<\/td>\n<\/tr>\n<tr>\n<td>Savagnier<\/td>\n<td>B.11<\/td>\n<td>Section<\/td>\n<td>non<\/td>\n<\/tr>\n<tr>\n<td>Villiers<\/td>\n<td>B.13<\/td>\n<td>Section<\/td>\n<td>non<\/td>\n<\/tr>\n<\/tbody>\n<\/table>\n<p>Sous la rubrique \u00ab\u00a0Aide\u00a0\u00bb (en haut \u00e0 droite de l&rsquo;\u00e9cran), vous trouverez une br\u00e8ve explication du fonctionnement du portail donnant l&rsquo;acc\u00e8s aux inventaires.<\/p>\n<p>Si vous souhaitez faire une recherche dans une seule ancienne commune du Val-de-Ruz, celle de Montmollin par exemple, il faut faire une recherche avanc\u00e9e (en haut \u00e0 gauche de l&rsquo;\u00e9cran, cliquez sur le bouton \u00ab\u00a0&#8230;\u00a0\u00bb). Puis dans le champs R\u00e9f\u00e9rence, inscrivez la cote de l&rsquo;ancienne commune pr\u00e9c\u00e9d\u00e9e du symbole %. Par exemple: %B.03<\/p>\n<p>Si vous souhaitez par exemple limiter votre recherche \u00e0 l&rsquo;ancienne commune d&rsquo;Engollon, alors le num\u00e9ro de la commune est 04 (cf voir la liste des anciennes communes sous la rubrique \u00ab\u00a0B Archives des anciennes communes\u00a0\u00bb).<\/p>\n<p>Pour la consultation des documents, veuillez vous r\u00e9f\u00e9rer \u00e0 la <a href=\"https:\/\/www.siar.ch\/?page_id=439\" target=\"_blank\" rel=\"noopener noreferrer\">page d\u00e9di\u00e9e<\/a>.<\/p>\n","protected":false},"excerpt":{"rendered":"<p>Les inventaires en ligne de la commune de Val-de-Ruz sont accessibles sur le portail docuteam webgate. Tous les inventaires des anciennes communes n&rsquo;ont pas encore \u00e9t\u00e9 rendus publics, nous nous effor\u00e7ons de le faire au fur et \u00e0 mesure des travaux d&rsquo;archivage. En 2017, voil\u00e0 quels sont les inventaires des anciennes communes qui ont \u00e9t\u00e9 [&hellip;]<\/p>\n","protected":false},"author":8,"featured_media":0,"parent":266,"menu_order":0,"comment_status":"closed","ping_status":"closed","template":"","meta":{"footnotes":""},"class_list":["post-500","page","type-page","status-publish","hentry"],"jetpack_sharing_enabled":true,"jetpack_shortlink":"https:\/\/wp.me\/PfBqfE-84","_links":{"self":[{"href":"https:\/\/www.siar.ch\/index.php?rest_route=\/wp\/v2\/pages\/500","targetHints":{"allow":["GET"]}}],"collection":[{"href":"https:\/\/www.siar.ch\/index.php?rest_route=\/wp\/v2\/pages"}],"about":[{"href":"https:\/\/www.siar.ch\/index.php?rest_route=\/wp\/v2\/types\/page"}],"author":[{"embeddable":true,"href":"https:\/\/www.siar.ch\/index.php?rest_route=\/wp\/v2\/users\/8"}],"replies":[{"embeddable":true,"href":"https:\/\/www.siar.ch\/index.php?rest_route=%2Fwp%2Fv2%2Fcomments&post=500"}],"version-history":[{"count":5,"href":"https:\/\/www.siar.ch\/index.php?rest_route=\/wp\/v2\/pages\/500\/revisions"}],"predecessor-version":[{"id":782,"href":"https:\/\/www.siar.ch\/index.php?rest_route=\/wp\/v2\/pages\/500\/revisions\/782"}],"up":[{"embeddable":true,"href":"https:\/\/www.siar.ch\/index.php?rest_route=\/wp\/v2\/pages\/266"}],"wp:attachment":[{"href":"https:\/\/www.siar.ch\/index.php?rest_route=%2Fwp%2Fv2%2Fmedia&parent=500"}],"curies":[{"name":"wp","href":"https:\/\/api.w.org\/{rel}","templated":true}]}}