{"id":60,"date":"2014-03-24T15:56:14","date_gmt":"2014-03-24T15:56:14","guid":{"rendered":"http:\/\/web415.120.hosttech.eu\/?page_id=60"},"modified":"2024-06-14T10:03:18","modified_gmt":"2024-06-14T09:03:18","slug":"liens","status":"publish","type":"page","link":"https:\/\/www.siar.ch\/?page_id=60","title":{"rendered":"Autres institutions et ressources"},"content":{"rendered":"\n<p>Plusieurs institutions publiques et priv\u00e9es conservent des documents et des archives concernant les communes neuch\u00e2teloises et susceptibles d&rsquo;int\u00e9resser chercheurs et chercheuses. On trouvera ci-dessous quelques pistes d&rsquo;institutions et de ressources dans le canton et ailleurs.<\/p>\n\n\n\n<h1 class=\"wp-block-heading\">Canton de Neuch\u00e2tel<\/h1>\n\n\n\n<p>La plupart des biblioth\u00e8ques r\u00e9gionales et communales donnent acc\u00e8s \u00e0 des publications sur l&rsquo;histoire r\u00e9gionale et locale. On peut acc\u00e9der \u00e0 ces ressources par leur <a rel=\"noreferrer noopener\" href=\"https:\/\/bib.rero.ch\/\" target=\"_blank\">catalogue en ligne<\/a>. Nous vous proposons quelques <a href=\"https:\/\/www.siar.ch\/?page_id=1006\">pistes bibliographiques<\/a> pour commencer vos recherches.<\/p>\n\n\n\n<p>Dans le canton de Neuch\u00e2tel, le <a rel=\"noopener noreferrer\" href=\"http:\/\/www.archivesne.ch\" target=\"_blank\">Portail des archives neuch\u00e2teloises<\/a> donne acc\u00e8s aux inventaires d&rsquo;archives publi\u00e9s des Archives de l&rsquo;\u00c9tat de Neuch\u00e2tel (AEN), de la Biblioth\u00e8que de la Ville de La Chaux-de-Fonds (BVCF), y compris le D\u00e9partement audiovisuel (DAV), et de la Biblioth\u00e8que publique et universitaire de la Ville de Neuch\u00e2tel (BPUN). Par ailleurs, les <a rel=\"noreferrer noopener\" href=\"https:\/\/archivesdelavieordinaire.ch\/\" target=\"_blank\">Archives de la Vie ordinaire<\/a> conservent des fonds d&rsquo;archives provenant de personnes \u00abordinaires\u00bb de la r\u00e9gion.<\/p>\n\n\n\n<p>La Soci\u00e9t\u00e9 d&rsquo;histoire et d&rsquo;arch\u00e9ologie du canton de Neuch\u00e2tel (SHAN) a cr\u00e9\u00e9 la plateforme <a href=\"https:\/\/imagesdupatrimoine.ch\" target=\"_blank\" rel=\"noreferrer noopener\">\u00abImages du Patrimoine\u00bb<\/a> qui regorge d&rsquo;images d\u2019objets, de documents et de vid\u00e9os sur l\u2019histoire neuch\u00e2teloise. Laissez-vous surprendre par l\u2019interpr\u00e9tation d\u2019images et les coulisses des institutions!<\/p>\n\n\n\n<p>La plupart des archives de journaux neuch\u00e2telois a \u00e9t\u00e9 num\u00e9ris\u00e9e et est librement accessible en ligne dans la <a href=\"https:\/\/doc.rero.ch\/\" target=\"_blank\" rel=\"noopener noreferrer\">biblioth\u00e8que num\u00e9rique RERO DOC<\/a>.<\/p>\n\n\n\n<p>Le <a href=\"https:\/\/collections.mahn.ch\/fr\/\" target=\"_blank\" rel=\"noreferrer noopener\">Mus\u00e9e d\u2019art et d\u2019histoire de Neuch\u00e2tel<\/a> et d&rsquo;<a href=\"https:\/\/mus-e.ne.ch\/app\/eng1\/f?p=135:8::::::\" target=\"_blank\" rel=\"noreferrer noopener\">autres mus\u00e9es neuch\u00e2telois<\/a> conservent  d&rsquo;importantes collections iconographiques dont une partie est accessible en ligne.<\/p>\n\n\n\n<p>L&rsquo;Office cantonal du patrimoine conserve \u00e9galement une pr\u00e9cieuse documentation sur les b\u00e2timents et sites (par exemple <a href=\"https:\/\/www.ne.ch\/autorites\/DESC\/SCNE\/patrimoine\/transformations\/Pages\/histoire-batiment.aspx\" target=\"_blank\" rel=\"noreferrer noopener\">Comment conna\u00eetre l&rsquo;histoire d&rsquo;un \u00e9difice?<\/a>).<\/p>\n\n\n\n<p>On trouvera d&rsquo;autres institutions sur le <a href=\"https:\/\/www.ne.ch\/autorites\/DESC\/SCNE\/archives-etat\/rechercher\/Pages\/Ailleurs.aspx\" target=\"_blank\" rel=\"noopener noreferrer\">site web des Archives de l&rsquo;\u00c9tat de Neuch\u00e2tel<\/a>.<\/p>\n\n\n\n<h1 class=\"wp-block-heading\">Suisse<\/h1>\n\n\n\n<p>En Suisse, plusieurs institutions sont susceptibles de conserver des archives priv\u00e9es de personnes ou d\u2019entreprises li\u00e9es \u00e0 Neuch\u00e2tel.<\/p>\n\n\n\n<p>L&rsquo;Association des archivistes suisses (VSA-AAS) propose quelques liens vers des <a href=\"https:\/\/vsa-aas.ch\/fr\/archives-suisses\/portails-darchives\/\" target=\"_blank\" rel=\"noreferrer noopener\">portails d&rsquo;archives<\/a>, des bases de donn\u00e9es d&rsquo;archives priv\u00e9es et religieuses et des <a href=\"https:\/\/vsa-aas.ch\/fr\/archives-suisses\/le-paysage-archivistique-suisse\/\" target=\"_blank\" rel=\"noopener noreferrer\">adresses d&rsquo;institutions d&rsquo;archives<\/a>.<\/p>\n\n\n\n<p>Parmi ces institutions, le Centre jurassien d\u2019archives et de recherches \u00e9conomiques (<a href=\"https:\/\/www.cejare.ch\" data-type=\"link\" data-id=\"https:\/\/www.cejare.ch\" target=\"_blank\" rel=\"noreferrer noopener\">CEJARE<\/a>), bas\u00e9 \u00e0 Saint-Imier (Jura bernois), a pour vocation de pr\u00e9server et de valoriser le patrimoine et le savoir-faire \u00e9conomiques et industriels de l\u2019Arc jurassien.<\/p>\n\n\n\n<p>L&rsquo;association Memoriav propose un portail multilingue du patrimoine audiovisuel suisse (<a href=\"https:\/\/memobase.ch\/fr\/start\" data-type=\"link\" data-id=\"https:\/\/memobase.ch\" target=\"_blank\" rel=\"noreferrer noopener\">Memobase<\/a>) et permet de visualiser de nombreuses images et films sur la r\u00e9gion neuch\u00e2teloise.<\/p>\n\n\n\n<p>On trouvera notamment des informations li\u00e9es au territoire sur le portail des cartes de la Suisse <a rel=\"noreferrer noopener\" href=\"https:\/\/map.geo.admin.ch\" target=\"_blank\">map.geo.admin.ch<\/a> (y compris des cartes anciennes).<\/p>\n\n\n\n<p>Par ailleurs, des portails collaboratifs grand public, comme <a href=\"https:\/\/notrehistoire.ch\/\" target=\"_blank\" rel=\"noopener noreferrer\">notrehistoire.ch<\/a> en Suisse romande, sont susceptibles de fournir des documents sur la vie dans le pays de Neuch\u00e2tel.<\/p>\n\n\n\n<h1 class=\"wp-block-heading\">International<\/h1>\n\n\n\n<p>De nombreuses informations et images des communes et de personnalit\u00e9s neuch\u00e2teloises sont librement accessibles en ligne dans la base de donn\u00e9es collaborative multim\u00e9dia <a href=\"https:\/\/commons.wikimedia.org\" target=\"_blank\" rel=\"noopener noreferrer\">Wikimedia Commons<\/a>. Les communes membres du SIAr essaient, dans la mesure du possible, de compl\u00e9ter ces donn\u00e9es.<\/p>\n\n\n\n<p>Le <a href=\"http:\/\/www.archivesportaleurope.net\/\" target=\"_blank\" rel=\"noopener noreferrer\">Portail europ\u00e9en des archives<\/a> permet d\u2019acc\u00e9der aux donn\u00e9es conserv\u00e9es dans d&rsquo;autres institutions en Europe (plus de 1000 archives d&rsquo;une trentaine de pays).<\/p>\n\n\n\n<p>Le portail <a href=\"https:\/\/www.europeana.eu\/portal\/fr\/\" target=\"_blank\" rel=\"noopener noreferrer\">Europeana Collections<\/a> donne acc\u00e8s \u00e0 plus de 50 millions de titres num\u00e9ris\u00e9s (livres, musique, \u0153uvres d&rsquo;art) conserv\u00e9s dans des archives, biblioth\u00e8ques et mus\u00e9es en Europe.<\/p>\n\n\n\n<p>Enfin, le portail de <a href=\"https:\/\/francearchives.fr\" target=\"_blank\" rel=\"noopener noreferrer\">FranceArchives<\/a> permet d&rsquo;acc\u00e9der \u00e0 de nombreux documents neuch\u00e2telois (correspondance de Neuch\u00e2telois\u00b7e\u00b7s, cartes postales, photographies, cartes) conserv\u00e9s dans des institutions fran\u00e7aises.<\/p>\n","protected":false},"excerpt":{"rendered":"<p>Plusieurs institutions publiques et priv\u00e9es conservent des documents et des archives concernant les communes neuch\u00e2teloises et susceptibles d&rsquo;int\u00e9resser chercheurs et chercheuses. On trouvera ci-dessous quelques pistes d&rsquo;institutions et de ressources dans le canton et ailleurs. Canton de Neuch\u00e2tel La plupart des biblioth\u00e8ques r\u00e9gionales et communales donnent acc\u00e8s \u00e0 des publications sur l&rsquo;histoire r\u00e9gionale et locale. [&hellip;]<\/p>\n","protected":false},"author":2,"featured_media":0,"parent":78,"menu_order":4,"comment_status":"closed","ping_status":"closed","template":"","meta":{"footnotes":""},"class_list":["post-60","page","type-page","status-publish","hentry"],"jetpack_sharing_enabled":true,"jetpack_shortlink":"https:\/\/wp.me\/PfBqfE-Y","_links":{"self":[{"href":"https:\/\/www.siar.ch\/index.php?rest_route=\/wp\/v2\/pages\/60","targetHints":{"allow":["GET"]}}],"collection":[{"href":"https:\/\/www.siar.ch\/index.php?rest_route=\/wp\/v2\/pages"}],"about":[{"href":"https:\/\/www.siar.ch\/index.php?rest_route=\/wp\/v2\/types\/page"}],"author":[{"embeddable":true,"href":"https:\/\/www.siar.ch\/index.php?rest_route=\/wp\/v2\/users\/2"}],"replies":[{"embeddable":true,"href":"https:\/\/www.siar.ch\/index.php?rest_route=%2Fwp%2Fv2%2Fcomments&post=60"}],"version-history":[{"count":28,"href":"https:\/\/www.siar.ch\/index.php?rest_route=\/wp\/v2\/pages\/60\/revisions"}],"predecessor-version":[{"id":1272,"href":"https:\/\/www.siar.ch\/index.php?rest_route=\/wp\/v2\/pages\/60\/revisions\/1272"}],"up":[{"embeddable":true,"href":"https:\/\/www.siar.ch\/index.php?rest_route=\/wp\/v2\/pages\/78"}],"wp:attachment":[{"href":"https:\/\/www.siar.ch\/index.php?rest_route=%2Fwp%2Fv2%2Fmedia&parent=60"}],"curies":[{"name":"wp","href":"https:\/\/api.w.org\/{rel}","templated":true}]}}