{"id":78,"date":"2014-03-26T07:59:22","date_gmt":"2014-03-26T07:59:22","guid":{"rendered":"http:\/\/web415.120.hosttech.eu\/?page_id=78"},"modified":"2025-07-03T14:06:28","modified_gmt":"2025-07-03T13:06:28","slug":"recherches","status":"publish","type":"page","link":"https:\/\/www.siar.ch\/?page_id=78","title":{"rendered":"Recherches en archives"},"content":{"rendered":"<p>Pour vos recherches dans les archives communales du SIAr, vous nous recommandons de commencer votre d\u00e9marche en vous plongeant dans les m\u00e9andres des organes communaux.<\/p>\n<p>Nous avons \u00e9labor\u00e9 \u00e0 votre intention une s\u00e9rie de petits <a href=\"https:\/\/www.siar.ch\/?page_id=266\">guides de recherche<\/a> pour vous orienter dans le fonctionnement des institutions communales.<\/p>\n<p>Pour acc\u00e9der au contenu des archives, il vous faut pr\u00e9alablement consulter les <a href=\"https:\/\/www.siar.ch\/?page_id=429\">instruments de recherche (inventaires)<\/a> de ces archives qui vous permettent d&rsquo;identifier quelles sont les archives conserv\u00e9es et les conditions d&rsquo;acc\u00e8s. Toutes les archives ne sont pas encore d\u00e9crites dans ces inventaires, donc n&rsquo;h\u00e9sitez pas \u00e0 prendre <a title=\"Contact\" href=\"https:\/\/www.siar.ch\/?page_id=34\">contact<\/a> avec nous.<\/p>\n<p>L&rsquo;acc\u00e8s aux archives elles-m\u00eames (les documents et dossiers) est soumise \u00e0 des <a href=\"https:\/\/www.siar.ch\/?page_id=439\">modalit\u00e9s de consultation<\/a>.<\/p>\n<p>Concernant les recherches g\u00e9n\u00e9alogiques, les archives communales sur l&rsquo;\u00e9tat civil sont prises en charge par les services d&rsquo;\u00e9tat civil d&rsquo;arrondissement (<a href=\"https:\/\/www.siar.ch\/?page_id=661\">guide de recherche sur les personnes<\/a>). C&rsquo;est l\u00e0 que l&rsquo;on trouvera les principales sources d&rsquo;information et c&rsquo;est donc en s&rsquo;adressant \u00e0 eux qu&rsquo;il faut d\u00e9buter une recherche.<\/p>\n<p>Pour diversifier vos recherches dans le canton, nous vous recommandons une s\u00e9rie d&rsquo;<a title=\"Autres institutions\" href=\"https:\/\/www.siar.ch\/?page_id=60\">autres institutions publiques<\/a> en charge de la conservation d&rsquo;archives. Elles seront \u00e9galement en mesure de vous guider dans vos recherches.<\/p>\n","protected":false},"excerpt":{"rendered":"<p>Pour vos recherches dans les archives communales du SIAr, vous nous recommandons de commencer votre d\u00e9marche en vous plongeant dans les m\u00e9andres des organes communaux. Nous avons \u00e9labor\u00e9 \u00e0 votre intention une s\u00e9rie de petits guides de recherche pour vous orienter dans le fonctionnement des institutions communales. Pour acc\u00e9der au contenu des archives, il vous [&hellip;]<\/p>\n","protected":false},"author":2,"featured_media":0,"parent":0,"menu_order":0,"comment_status":"closed","ping_status":"closed","template":"","meta":{"footnotes":""},"class_list":["post-78","page","type-page","status-publish","hentry"],"jetpack_sharing_enabled":true,"jetpack_shortlink":"https:\/\/wp.me\/PfBqfE-1g","_links":{"self":[{"href":"https:\/\/www.siar.ch\/index.php?rest_route=\/wp\/v2\/pages\/78","targetHints":{"allow":["GET"]}}],"collection":[{"href":"https:\/\/www.siar.ch\/index.php?rest_route=\/wp\/v2\/pages"}],"about":[{"href":"https:\/\/www.siar.ch\/index.php?rest_route=\/wp\/v2\/types\/page"}],"author":[{"embeddable":true,"href":"https:\/\/www.siar.ch\/index.php?rest_route=\/wp\/v2\/users\/2"}],"replies":[{"embeddable":true,"href":"https:\/\/www.siar.ch\/index.php?rest_route=%2Fwp%2Fv2%2Fcomments&post=78"}],"version-history":[{"count":13,"href":"https:\/\/www.siar.ch\/index.php?rest_route=\/wp\/v2\/pages\/78\/revisions"}],"predecessor-version":[{"id":1375,"href":"https:\/\/www.siar.ch\/index.php?rest_route=\/wp\/v2\/pages\/78\/revisions\/1375"}],"wp:attachment":[{"href":"https:\/\/www.siar.ch\/index.php?rest_route=%2Fwp%2Fv2%2Fmedia&parent=78"}],"curies":[{"name":"wp","href":"https:\/\/api.w.org\/{rel}","templated":true}]}}