{"id":8,"date":"2014-03-24T13:33:41","date_gmt":"2014-03-24T13:33:41","guid":{"rendered":"http:\/\/web415.120.hosttech.eu\/?page_id=8"},"modified":"2014-05-08T12:21:37","modified_gmt":"2014-05-08T12:21:37","slug":"convention","status":"publish","type":"page","link":"https:\/\/www.siar.ch\/?page_id=8","title":{"rendered":"Convention"},"content":{"rendered":"<div>\n<p align=\"justify\">\u00adLes communes neuch\u00e2teloises de Ch\u00e9zard-Saint-Martin (devenue Val-de-Ruz), Cortaillod et Corcelles-Cormondr\u00e8che ont d\u00e9cid\u00e9, en 2012, de cr\u00e9er le Service intercommunal d&rsquo;archivage, formalisant leur collaboration par la modification de la conve\u00adntion d\u00e9j\u00e0 \u00e9tablie en 2009.<\/p>\n<p align=\"justify\"><a href=\"https:\/\/www.siar.ch\/wp-content\/uploads\/2014\/03\/Convention_intercommunal_2011.pdf\" target=\"_blank\"><img loading=\"lazy\" decoding=\"async\" class=\"alignnone size-medium wp-image-150\" alt=\"Capture_Convention\" src=\"https:\/\/www.siar.ch\/wp-content\/uploads\/2014\/03\/Capture_Convention-212x300.png\" width=\"212\" height=\"300\" srcset=\"https:\/\/www.siar.ch\/wp-content\/uploads\/2014\/03\/Capture_Convention-212x300.png 212w, https:\/\/www.siar.ch\/wp-content\/uploads\/2014\/03\/Capture_Convention-725x1024.png 725w, https:\/\/www.siar.ch\/wp-content\/uploads\/2014\/03\/Capture_Convention-624x880.png 624w, https:\/\/www.siar.ch\/wp-content\/uploads\/2014\/03\/Capture_Convention.png 769w\" sizes=\"auto, (max-width: 212px) 100vw, 212px\" \/><\/a><\/p>\n<\/div>\n","protected":false},"excerpt":{"rendered":"<p>\u00adLes communes neuch\u00e2teloises de Ch\u00e9zard-Saint-Martin (devenue Val-de-Ruz), Cortaillod et Corcelles-Cormondr\u00e8che ont d\u00e9cid\u00e9, en 2012, de cr\u00e9er le Service intercommunal d&rsquo;archivage, formalisant leur collaboration par la modification de la conve\u00adntion d\u00e9j\u00e0 \u00e9tablie en 2009.<\/p>\n","protected":false},"author":2,"featured_media":0,"parent":11,"menu_order":0,"comment_status":"closed","ping_status":"closed","template":"","meta":{"footnotes":""},"class_list":["post-8","page","type-page","status-publish","hentry"],"jetpack_sharing_enabled":true,"jetpack_shortlink":"https:\/\/wp.me\/PfBqfE-8","_links":{"self":[{"href":"https:\/\/www.siar.ch\/index.php?rest_route=\/wp\/v2\/pages\/8","targetHints":{"allow":["GET"]}}],"collection":[{"href":"https:\/\/www.siar.ch\/index.php?rest_route=\/wp\/v2\/pages"}],"about":[{"href":"https:\/\/www.siar.ch\/index.php?rest_route=\/wp\/v2\/types\/page"}],"author":[{"embeddable":true,"href":"https:\/\/www.siar.ch\/index.php?rest_route=\/wp\/v2\/users\/2"}],"replies":[{"embeddable":true,"href":"https:\/\/www.siar.ch\/index.php?rest_route=%2Fwp%2Fv2%2Fcomments&post=8"}],"version-history":[{"count":8,"href":"https:\/\/www.siar.ch\/index.php?rest_route=\/wp\/v2\/pages\/8\/revisions"}],"predecessor-version":[{"id":149,"href":"https:\/\/www.siar.ch\/index.php?rest_route=\/wp\/v2\/pages\/8\/revisions\/149"}],"up":[{"embeddable":true,"href":"https:\/\/www.siar.ch\/index.php?rest_route=\/wp\/v2\/pages\/11"}],"wp:attachment":[{"href":"https:\/\/www.siar.ch\/index.php?rest_route=%2Fwp%2Fv2%2Fmedia&parent=8"}],"curies":[{"name":"wp","href":"https:\/\/api.w.org\/{rel}","templated":true}]}}