{"id":889,"date":"2021-04-15T09:23:24","date_gmt":"2021-04-15T08:23:24","guid":{"rendered":"http:\/\/www.siar.ch\/?page_id=889"},"modified":"2026-02-02T12:12:38","modified_gmt":"2026-02-02T11:12:38","slug":"rapports-dactivite","status":"publish","type":"page","link":"https:\/\/www.siar.ch\/?page_id=889","title":{"rendered":"Rapports d&rsquo;activit\u00e9"},"content":{"rendered":"\n<p>Les activit\u00e9s et le d\u00e9veloppement administratif du Service intercommunal sont rapport\u00e9s chaque ann\u00e9e aux membres de la Convention :<\/p>\n\n\n\n<ul class=\"wp-block-list\">\n<li><a href=\"https:\/\/www.siar.ch\/wp-content\/uploads\/2026\/02\/RapportActivite_SIAr-2025.pdf\" data-type=\"attachment\" data-id=\"1423\">Rapport d&rsquo;activit\u00e9 2025<\/a><\/li>\n\n\n\n<li><a href=\"https:\/\/www.siar.ch\/wp-content\/uploads\/2025\/01\/RapportActivite_SIAr-2024_20250127-2_Ke.pdf\" target=\"_blank\" rel=\"noreferrer noopener\">Rapport d&rsquo;activit\u00e9 2024<\/a><\/li>\n\n\n\n<li><a href=\"https:\/\/www.siar.ch\/wp-content\/uploads\/2024\/02\/RapportActivite_SIAr-2023_20240207_Ke.pdf\" data-type=\"link\" data-id=\"https:\/\/www.siar.ch\/wp-content\/uploads\/2024\/02\/RapportActivite_SIAr-2023_20240207_Ke.pdf\" target=\"_blank\" rel=\"noreferrer noopener\">Rapport d&rsquo;activit\u00e9 2023<\/a><\/li>\n\n\n\n<li><a href=\"https:\/\/www.siar.ch\/wp-content\/uploads\/2023\/02\/RapportActivite_SIAr-2022_20230215_Ke.pdf\" target=\"_blank\" rel=\"noreferrer noopener\">Rapport d&rsquo;activit\u00e9 2022<\/a><\/li>\n\n\n\n<li><a rel=\"noreferrer noopener\" href=\"https:\/\/www.siar.ch\/wp-content\/uploads\/2022\/03\/RapportActivite_SIAr-2021_20220316_Ke.pdf\" target=\"_blank\">Rapport d&rsquo;activit\u00e9 2021<\/a><\/li>\n\n\n\n<li><a rel=\"noreferrer noopener\" href=\"https:\/\/www.siar.ch\/wp-content\/uploads\/2021\/05\/RapportActivite_SIAr-2020_20210510_Ke.pdf\" target=\"_blank\">Rapport d&rsquo;activit\u00e9 2020<\/a><\/li>\n\n\n\n<li><a rel=\"noreferrer noopener\" href=\"https:\/\/www.siar.ch\/wp-content\/uploads\/2021\/05\/RapportActivite_SIAr-2019_20210510_Ke.pdf\" target=\"_blank\">Rapport d&rsquo;activit\u00e9 2019<\/a><\/li>\n\n\n\n<li><a rel=\"noreferrer noopener\" href=\"https:\/\/www.siar.ch\/wp-content\/uploads\/2021\/05\/RapportActivite_SIAr-2018_20210510-3_Ke.pdf\" data-type=\"URL\" data-id=\"https:\/\/www.siar.ch\/wp-content\/uploads\/2021\/05\/RapportActivite_SIAr-2018_20210510-3_Ke.pdf\" target=\"_blank\">Rapport d&rsquo;activit\u00e9 2018<\/a><\/li>\n\n\n\n<li><a rel=\"noreferrer noopener\" href=\"https:\/\/www.siar.ch\/wp-content\/uploads\/2021\/05\/RapportActivite_SIAr-2017_20210510-2_Ke.pdf\" data-type=\"URL\" data-id=\"https:\/\/www.siar.ch\/wp-content\/uploads\/2021\/05\/RapportActivite_SIAr-2017_20210510-2_Ke.pdf\" target=\"_blank\">Rapport d&rsquo;activit\u00e9 2017<\/a><\/li>\n\n\n\n<li><a href=\"https:\/\/www.siar.ch\/wp-content\/uploads\/2021\/05\/RapportActivite_SIAr-2016_20210510-2_Ke.pdf\" data-type=\"URL\" data-id=\"https:\/\/www.siar.ch\/wp-content\/uploads\/2021\/05\/RapportActivite_SIAr-2016_20210510-2_Ke.pdf\" target=\"_blank\" rel=\"noreferrer noopener\">Rapport d&rsquo;activit\u00e9 2016<\/a><\/li>\n\n\n\n<li><a href=\"https:\/\/www.siar.ch\/wp-content\/uploads\/2023\/12\/Rapport_Activite_20101019_Cou.pdf\" target=\"_blank\" rel=\"noreferrer noopener\">Rapport d&rsquo;activit\u00e9 2010<\/a><\/li>\n<\/ul>\n","protected":false},"excerpt":{"rendered":"<p>Les activit\u00e9s et le d\u00e9veloppement administratif du Service intercommunal sont rapport\u00e9s chaque ann\u00e9e aux membres de la Convention :<\/p>\n","protected":false},"author":7,"featured_media":0,"parent":5,"menu_order":0,"comment_status":"closed","ping_status":"closed","template":"","meta":{"footnotes":""},"class_list":["post-889","page","type-page","status-publish","hentry"],"jetpack_sharing_enabled":true,"jetpack_shortlink":"https:\/\/wp.me\/PfBqfE-el","_links":{"self":[{"href":"https:\/\/www.siar.ch\/index.php?rest_route=\/wp\/v2\/pages\/889","targetHints":{"allow":["GET"]}}],"collection":[{"href":"https:\/\/www.siar.ch\/index.php?rest_route=\/wp\/v2\/pages"}],"about":[{"href":"https:\/\/www.siar.ch\/index.php?rest_route=\/wp\/v2\/types\/page"}],"author":[{"embeddable":true,"href":"https:\/\/www.siar.ch\/index.php?rest_route=\/wp\/v2\/users\/7"}],"replies":[{"embeddable":true,"href":"https:\/\/www.siar.ch\/index.php?rest_route=%2Fwp%2Fv2%2Fcomments&post=889"}],"version-history":[{"count":15,"href":"https:\/\/www.siar.ch\/index.php?rest_route=\/wp\/v2\/pages\/889\/revisions"}],"predecessor-version":[{"id":1425,"href":"https:\/\/www.siar.ch\/index.php?rest_route=\/wp\/v2\/pages\/889\/revisions\/1425"}],"up":[{"embeddable":true,"href":"https:\/\/www.siar.ch\/index.php?rest_route=\/wp\/v2\/pages\/5"}],"wp:attachment":[{"href":"https:\/\/www.siar.ch\/index.php?rest_route=%2Fwp%2Fv2%2Fmedia&parent=889"}],"curies":[{"name":"wp","href":"https:\/\/api.w.org\/{rel}","templated":true}]}}